{"id":4863,"date":"2018-04-17T15:21:44","date_gmt":"2018-04-17T15:21:44","guid":{"rendered":"https:\/\/susanlloydleduc.com\/?page_id=4863"},"modified":"2020-07-13T21:31:49","modified_gmt":"2020-07-13T21:31:49","slug":"marketing","status":"publish","type":"page","link":"https:\/\/susanlloydleduc.com\/fr\/marketing\/","title":{"rendered":"Marketing"},"content":{"rendered":"<p>[vc_row][vc_column][vc_custom_heading text=&#8221;MARKETING&#8221; font_container=&#8221;tag:h1|font_size:30|text_align:center|color:%23000000&#8243; use_theme_fonts=&#8221;yes&#8221;][\/vc_column][\/vc_row][vc_row][vc_column][vc_separator color=&#8221;custom&#8221; border_width=&#8221;2&#8243; el_width=&#8221;10&#8243; accent_color=&#8221;#7a7a7a&#8221;][\/vc_column][\/vc_row][vc_row][vc_column][vc_empty_space height=&#8221;50px&#8221;][\/vc_column][\/vc_row][vc_row el_class=&#8221;marketing-bg&#8221;][vc_column][vc_column_text el_class=&#8221;content&#8221;]PR\u00c9S\u00c9ANCE<br \/>\nACTIVE DANS<br \/>\nLES M\u00c9DIAS WEB<br \/>\nIT IMPRIM\u00c9S[\/vc_column_text][\/vc_column][\/vc_row][vc_row el_class=&#8221;marketing-logoes&#8221;][vc_column][vc_custom_heading text=&#8221;Local&#8221; font_container=&#8221;tag:h2|font_size:30|text_align:left|color:%23000000&#8243; use_theme_fonts=&#8221;yes&#8221;][vc_column_text]<img loading=\"lazy\" class=\"alignnone wp-image-2340 size-full\" src=\"http:\/\/susanlloydleduc.com\/wp-content\/uploads\/2018\/04\/logoes1.png\" alt=\"\" width=\"1003\" height=\"81\" srcset=\"https:\/\/susanlloydleduc.com\/wp-content\/uploads\/2018\/04\/logoes1.png 1003w, https:\/\/susanlloydleduc.com\/wp-content\/uploads\/2018\/04\/logoes1-300x24.png 300w, https:\/\/susanlloydleduc.com\/wp-content\/uploads\/2018\/04\/logoes1-768x62.png 768w\" sizes=\"(max-width: 1003px) 100vw, 1003px\" \/>[\/vc_column_text][\/vc_column][\/vc_row][vc_row][vc_column][vc_empty_space height=&#8221;50px&#8221;][\/vc_column][\/vc_row][vc_row disable_element=&#8221;yes&#8221; el_class=&#8221;marketing-logoes&#8221;][vc_column][vc_custom_heading text=&#8221;Global&#8221; font_container=&#8221;tag:h2|font_size:30|text_align:left|color:%23000000&#8243; use_theme_fonts=&#8221;yes&#8221;][vc_column_text]<img loading=\"lazy\" class=\"alignnone wp-image-2342 size-full\" src=\"http:\/\/susanlloydleduc.com\/wp-content\/uploads\/2018\/04\/logoes2.png\" alt=\"\" width=\"1104\" height=\"55\" srcset=\"https:\/\/susanlloydleduc.com\/wp-content\/uploads\/2018\/04\/logoes2.png 1104w, https:\/\/susanlloydleduc.com\/wp-content\/uploads\/2018\/04\/logoes2-300x15.png 300w, https:\/\/susanlloydleduc.com\/wp-content\/uploads\/2018\/04\/logoes2-768x38.png 768w, https:\/\/susanlloydleduc.com\/wp-content\/uploads\/2018\/04\/logoes2-1024x51.png 1024w\" sizes=\"(max-width: 1104px) 100vw, 1104px\" \/>[\/vc_column_text][\/vc_column][\/vc_row][vc_row disable_element=&#8221;yes&#8221; el_class=&#8221;marketing-logoes&#8221;][vc_column][vc_custom_heading text=&#8221;Web&#8221; font_container=&#8221;tag:h2|font_size:30|text_align:left|color:%23000000&#8243; use_theme_fonts=&#8221;yes&#8221;][vc_column_text]<img loading=\"lazy\" class=\"alignnone wp-image-2343 size-large\" src=\"http:\/\/susanlloydleduc.com\/wp-content\/uploads\/2018\/04\/logoes3-1024x234.png\" alt=\"\" width=\"1024\" height=\"234\" srcset=\"https:\/\/susanlloydleduc.com\/wp-content\/uploads\/2018\/04\/logoes3-1024x234.png 1024w, https:\/\/susanlloydleduc.com\/wp-content\/uploads\/2018\/04\/logoes3-300x69.png 300w, https:\/\/susanlloydleduc.com\/wp-content\/uploads\/2018\/04\/logoes3-768x176.png 768w, https:\/\/susanlloydleduc.com\/wp-content\/uploads\/2018\/04\/logoes3.png 1110w\" sizes=\"(max-width: 1024px) 100vw, 1024px\" \/>[\/vc_column_text][vc_empty_space height=&#8221;40px&#8221;][\/vc_column][\/vc_row][vc_row disable_element=&#8221;yes&#8221; el_class=&#8221;marketing-buklet&#8221; css=&#8221;.vc_custom_1594672090534{margin-right: 0px !important;margin-left: 0px !important;background-color: #ffffff !important;}&#8221;][vc_column][vc_custom_heading text=&#8221;Livret de propri\u00e9t\u00e9&#8221; font_container=&#8221;tag:h2|font_size:30|text_align:center|color:%23000000&#8243;][vc_separator color=&#8221;black&#8221; border_width=&#8221;2&#8243; el_width=&#8221;10&#8243;][vc_custom_heading text=&#8221;Chaque propri\u00e9t\u00e9 aura son propre livret de 12 pages ou d\u2019une brochure de 2 pages.&#8221; font_container=&#8221;tag:h2|font_size:18|text_align:center&#8221;][vc_single_image image=&#8221;2345&#8243; img_size=&#8221;full&#8221;][\/vc_column][\/vc_row][vc_row][vc_column width=&#8221;1\/2&#8243;][vc_custom_heading text=&#8221;R\u00e9seau de professionnels&#8221; font_container=&#8221;tag:h2|font_size:30|text_align:center|color:%23000000&#8243; use_theme_fonts=&#8221;yes&#8221;][vc_separator color=&#8221;black&#8221; border_width=&#8221;2&#8243; el_width=&#8221;10&#8243;][vc_custom_heading text=&#8221;Graphiste&#8221; font_container=&#8221;tag:h3|font_size:18|text_align:center|color:%230a0a0a&#8221; use_theme_fonts=&#8221;yes&#8221;][vc_custom_heading text=&#8221;Designer web&#8221; font_container=&#8221;tag:h3|font_size:18|text_align:center|color:%230a0a0a&#8221; use_theme_fonts=&#8221;yes&#8221;][vc_custom_heading text=&#8221;Marketing&#8221; font_container=&#8221;tag:h3|font_size:18|text_align:center|color:%230a0a0a&#8221; use_theme_fonts=&#8221;yes&#8221;][vc_custom_heading text=&#8221;Photographe professionnel en immobilier&#8221; font_container=&#8221;tag:h3|font_size:18|text_align:center|color:%230a0a0a&#8221; use_theme_fonts=&#8221;yes&#8221;][\/vc_column][vc_column width=&#8221;1\/2&#8243;][vc_custom_heading text=&#8221;Courriels de masse&#8221; font_container=&#8221;tag:h2|font_size:30|text_align:center|color:%23000000&#8243; use_theme_fonts=&#8221;yes&#8221;][vc_separator color=&#8221;black&#8221; border_width=&#8221;2&#8243; el_width=&#8221;10&#8243;][vc_custom_heading text=&#8221;Envoi de courriels \u00e0 plus de 10 000 contacts de r\u00e9seaux locaux, nationaux et internationaux.&#8221; font_container=&#8221;tag:h3|font_size:18|text_align:center|color:%230a0a0a&#8221; use_theme_fonts=&#8221;yes&#8221;][\/vc_column][\/vc_row][vc_row][vc_column][\/vc_column][\/vc_row][vc_row][vc_column][vc_custom_heading text=&#8221;Forte pr\u00e9sence sur les r\u00e9seaux sociaux&#8221; font_container=&#8221;tag:h2|font_size:30|text_align:center|color:%23000000&#8243; use_theme_fonts=&#8221;yes&#8221;][vc_separator color=&#8221;black&#8221; border_width=&#8221;2&#8243; el_width=&#8221;10&#8243;][vc_custom_heading text=&#8221;Tous mes mandats seront affich\u00e9es sur mes r\u00e9seaux sociaux personnels et d\u2019entreprise.&#8221; font_container=&#8221;tag:h3|font_size:18|text_align:center|color:%23000000&#8243; use_theme_fonts=&#8221;yes&#8221;][vc_empty_space height=&#8221;60px&#8221;][vc_raw_html]JTNDdWwlMjBjbGFzcyUzRCUyMnNvY2lhbCUyMG1hcmtldGluZyUyMiUzRSUwQSUyMCUyMCUyMCUyMCUyMCUyMCUyMCUyMCUyMCUzQ2xpJTIwY2xhc3MlM0QlMjJ0d2l0dGVyJTIyJTNFJTBBJTA5JTA5JTNDYSUyMGhyZWYlM0QlMjIlMjMlMjIlMjB0YXJnZXQlM0QlMjJfYmxhbmslMjIlM0UlMEElMDklMDklMDklM0NpJTIwY2xhc3MlM0QlMjJmYSUyMGZhLXRodW1icy11cCUyMiUzRSUzQyUyRmklM0UlMEElMDklMDklM0MlMkZhJTNFJTBBJTA5JTNDJTJGbGklM0UlMjAlMjAlMjAlMEElMDklM0NsaSUyMGNsYXNzJTNEJTIydHdpdHRlciUyMiUzRSUwQSUwOSUwOSUzQ2ElMjBocmVmJTNEJTIyJTIzJTIyJTIwdGFyZ2V0JTNEJTIyX2JsYW5rJTIyJTNFJTBBJTA5JTA5JTA5JTNDaSUyMGNsYXNzJTNEJTIyZmElMjBmYS10d2l0dGVyJTIyJTNFJTNDJTJGaSUzRSUwQSUwOSUwOSUzQyUyRmElM0UlMEElMDklM0MlMkZsaSUzRSUyMCUyMCUyMCUyMCUyMCUyMCUyMCUyMCUyMCUyMCUyMCUyMCUyMCUyMCUyMCUyMCUyMCUyMCUyMCUyMCUyMCUyMCUyMCUyMCUyMCUyMCUyMCUyMCUwQSUwOSUzQ2xpJTIwY2xhc3MlM0QlMjJmYWNlYm9vayUyMiUzRSUwQSUwOSUwOSUzQ2ElMjBocmVmJTNEJTIyJTIzJTIyJTIwdGFyZ2V0JTNEJTIyX2JsYW5rJTIyJTNFJTBBJTA5JTA5JTA5JTNDaSUyMGNsYXNzJTNEJTIyZmElMjBmYS15b3V0dWJlJTIyJTNFJTNDJTJGaSUzRSUwQSUwOSUwOSUzQyUyRmElM0UlMEElMDklM0MlMkZsaSUzRSUyMCUyMCUyMCUyMCUyMCUyMCUyMCUyMCUyMCUyMCUyMCUyMCUyMCUyMCUyMCUyMCUyMCUyMCUyMCUyMCUyMCUyMCUyMCUyMCUyMCUyMCUyMCUyMCUwQSUwOSUzQ2xpJTIwY2xhc3MlM0QlMjJmYWNlYm9vayUyMiUzRSUwQSUwOSUwOSUzQ2ElMjBocmVmJTNEJTIyJTIzJTIyJTIwdGFyZ2V0JTNEJTIyX2JsYW5rJTIyJTNFJTBBJTA5JTA5JTA5JTNDaSUyMGNsYXNzJTNEJTIyZmElMjBmYS1saW5rZWRpbiUyMiUzRSUzQyUyRmklM0UlMEElMDklMDklM0MlMkZhJTNFJTBBJTA5JTNDJTJGbGklM0UlMjAlMjAlMjAlMjAlMjAlMjAlMjAlMjAlMjAlMjAlMjAlMjAlMjAlMjAlMjAlMjAlMjAlMjAlMjAlMjAlMjAlMjAlMjAlMjAlMjAlMjAlMjAlMEElMDklM0NsaSUyMGNsYXNzJTNEJTIyZ29vZ2xlJTIyJTNFJTBBJTA5JTA5JTNDYSUyMGhyZWYlM0QlMjIlMjMlMjIlMjB0YXJnZXQlM0QlMjJfYmxhbmslMjIlM0UlMEElMDklMDklMDklM0NpJTIwY2xhc3MlM0QlMjJmYSUyMGZhLWdvb2dsZS1wbHVzJTIyJTNFJTNDJTJGaSUzRSUwQSUwOSUwOSUzQyUyRmElM0UlMEElMDklM0MlMkZsaSUzRSUyMCUyMCUyMCUyMCUyMCUyMCUyMCUyMCUyMCUyMCUyMCUyMCUyMCUyMCUyMCUyMCUyMCUyMCUyMCUyMCUyMCUyMCUyMCUyMCUwQSUzQyUyRnVsJTNF[\/vc_raw_html][vc_empty_space height=&#8221;60px&#8221;][\/vc_column][\/vc_row]<\/p>\n","protected":false},"excerpt":{"rendered":"<p>[vc_row][vc_column][vc_custom_heading text=&#8221;MARKETING&#8221; font_container=&#8221;tag:h1|font_size:30|text_align:center|color:%23000000&#8243; use_theme_fonts=&#8221;yes&#8221;][\/vc_column][\/vc_row][vc_row][vc_column][vc_separator color=&#8221;custom&#8221; border_width=&#8221;2&#8243; el_width=&#8221;10&#8243; accent_color=&#8221;#7a7a7a&#8221;][\/vc_column][\/vc_row][vc_row][vc_column][vc_empty_space height=&#8221;50px&#8221;][\/vc_column][\/vc_row][vc_row el_class=&#8221;marketing-bg&#8221;][vc_column][vc_column_text el_class=&#8221;content&#8221;]PR\u00c9S\u00c9ANCE ACTIVE DANS LES M\u00c9DIAS WEB IT IMPRIM\u00c9S[\/vc_column_text][\/vc_column][\/vc_row][vc_row el_class=&#8221;marketing-logoes&#8221;][vc_column][vc_custom_heading text=&#8221;Local&#8221; font_container=&#8221;tag:h2|font_size:30|text_align:left|color:%23000000&#8243; use_theme_fonts=&#8221;yes&#8221;][vc_column_text][\/vc_column_text][\/vc_column][\/vc_row][vc_row][vc_column][vc_empty_space height=&#8221;50px&#8221;][\/vc_column][\/vc_row][vc_row disable_element=&#8221;yes&#8221; el_class=&#8221;marketing-logoes&#8221;][vc_column][vc_custom_heading text=&#8221;Global&#8221; font_container=&#8221;tag:h2|font_size:30|text_align:left|color:%23000000&#8243; use_theme_fonts=&#8221;yes&#8221;][vc_column_text][\/vc_column_text][\/vc_column][\/vc_row][vc_row disable_element=&#8221;yes&#8221; el_class=&#8221;marketing-logoes&#8221;][vc_column][vc_custom_heading text=&#8221;Web&#8221; font_container=&#8221;tag:h2|font_size:30|text_align:left|color:%23000000&#8243; use_theme_fonts=&#8221;yes&#8221;][vc_column_text][\/vc_column_text][vc_empty_space height=&#8221;40px&#8221;][\/vc_column][\/vc_row][vc_row disable_element=&#8221;yes&#8221; el_class=&#8221;marketing-buklet&#8221; css=&#8221;.vc_custom_1594672090534{margin-right: 0px !important;margin-left: 0px !important;background-color: #ffffff !important;}&#8221;][vc_column][vc_custom_heading text=&#8221;Livret de propri\u00e9t\u00e9&#8221; font_container=&#8221;tag:h2|font_size:30|text_align:center|color:%23000000&#8243;][vc_separator color=&#8221;black&#8221; border_width=&#8221;2&#8243; el_width=&#8221;10&#8243;][vc_custom_heading text=&#8221;Chaque propri\u00e9t\u00e9 aura son propre [&hellip;]<\/p>\n","protected":false},"author":1,"featured_media":0,"parent":0,"menu_order":0,"comment_status":"closed","ping_status":"closed","template":"template-full-width.php","meta":[],"_links":{"self":[{"href":"https:\/\/susanlloydleduc.com\/fr\/wp-json\/wp\/v2\/pages\/4863"}],"collection":[{"href":"https:\/\/susanlloydleduc.com\/fr\/wp-json\/wp\/v2\/pages"}],"about":[{"href":"https:\/\/susanlloydleduc.com\/fr\/wp-json\/wp\/v2\/types\/page"}],"author":[{"embeddable":true,"href":"https:\/\/susanlloydleduc.com\/fr\/wp-json\/wp\/v2\/users\/1"}],"replies":[{"embeddable":true,"href":"https:\/\/susanlloydleduc.com\/fr\/wp-json\/wp\/v2\/comments?post=4863"}],"version-history":[{"count":9,"href":"https:\/\/susanlloydleduc.com\/fr\/wp-json\/wp\/v2\/pages\/4863\/revisions"}],"predecessor-version":[{"id":430702,"href":"https:\/\/susanlloydleduc.com\/fr\/wp-json\/wp\/v2\/pages\/4863\/revisions\/430702"}],"wp:attachment":[{"href":"https:\/\/susanlloydleduc.com\/fr\/wp-json\/wp\/v2\/media?parent=4863"}],"curies":[{"name":"wp","href":"https:\/\/api.w.org\/{rel}","templated":true}]}}